{"id":14,"date":"2011-01-27T14:17:29","date_gmt":"2011-01-27T14:17:29","guid":{"rendered":"http:\/\/startwejherowo.pl\/?page_id=10"},"modified":"2026-01-28T17:47:41","modified_gmt":"2026-01-28T17:47:41","slug":"sekcje","status":"publish","type":"page","link":"http:\/\/startwejherowo.pl\/?page_id=14","title":{"rendered":"Sekcje"},"content":{"rendered":"\n<figure class=\"wp-block-image size-full\"><a href=\"http:\/\/startwejherowo.pl\/wp-content\/uploads\/2026\/01\/tenis_banner.png\"><img loading=\"lazy\" width=\"600\" height=\"724\" src=\"http:\/\/startwejherowo.pl\/wp-content\/uploads\/2026\/01\/tenis_banner.png\" alt=\"\" class=\"wp-image-1667\" srcset=\"http:\/\/startwejherowo.pl\/wp-content\/uploads\/2026\/01\/tenis_banner.png 600w, http:\/\/startwejherowo.pl\/wp-content\/uploads\/2026\/01\/tenis_banner-249x300.png 249w\" sizes=\"(max-width: 600px) 100vw, 600px\" \/><\/a><\/figure>\n\n\n<div class=\"wp-block-image\">\n<figure class=\"aligncenter\"><a href=\"http:\/\/startwejherowo.pl\/?attachment_id=1238\"><img loading=\"lazy\" width=\"642\" height=\"393\" src=\"http:\/\/startwejherowo.pl\/wp-content\/uploads\/2021\/01\/szachy3.png\" alt=\"\" class=\"wp-image-1238\" srcset=\"http:\/\/startwejherowo.pl\/wp-content\/uploads\/2021\/01\/szachy3.png 642w, http:\/\/startwejherowo.pl\/wp-content\/uploads\/2021\/01\/szachy3-300x184.png 300w\" sizes=\"(max-width: 642px) 100vw, 642px\" \/><\/a><\/figure><\/div>\n\n\n<!--more-->\n\n\n<div class=\"wp-block-image\">\n<figure class=\"aligncenter size-full\"><img loading=\"lazy\" width=\"630\" height=\"420\" src=\"http:\/\/startwejherowo.pl\/wp-content\/uploads\/2023\/08\/boccia.png\" alt=\"\" class=\"wp-image-1457\" srcset=\"http:\/\/startwejherowo.pl\/wp-content\/uploads\/2023\/08\/boccia.png 630w, http:\/\/startwejherowo.pl\/wp-content\/uploads\/2023\/08\/boccia-300x200.png 300w\" sizes=\"(max-width: 630px) 100vw, 630px\" \/><\/figure><\/div>\n\n\n<p class=\"has-text-align-center\"><span style=\"color: #008000;\"><strong><em><span style=\"color: #000000;\"><span style=\"font-style: normal; font-weight: normal;\"><br><\/span><\/span><\/em><\/strong><\/span><\/p>\n\n\n\n<p class=\"has-text-align-center\"><em><strong><span style=\"color: #0000ff;\">Zaj\u0119cia odbywaj\u0105 si\u0119 w sali sportowej&nbsp;Szko\u0142y Podstawowej Nr 5<\/span><\/strong><\/em><\/p>\n\n\n\n<p class=\"has-text-align-center\"><em><strong><span style=\"color: #0000ff;\">Wejherowo-\u015amiechowo ul.Gda\u0144ska 30.( tel. 607&nbsp;328&nbsp;262)<\/span><\/strong><\/em><\/p>\n","protected":false},"excerpt":{"rendered":"","protected":false},"author":2,"featured_media":0,"parent":0,"menu_order":0,"comment_status":"open","ping_status":"open","template":"","meta":{"ngg_post_thumbnail":0},"_links":{"self":[{"href":"http:\/\/startwejherowo.pl\/index.php?rest_route=\/wp\/v2\/pages\/14"}],"collection":[{"href":"http:\/\/startwejherowo.pl\/index.php?rest_route=\/wp\/v2\/pages"}],"about":[{"href":"http:\/\/startwejherowo.pl\/index.php?rest_route=\/wp\/v2\/types\/page"}],"author":[{"embeddable":true,"href":"http:\/\/startwejherowo.pl\/index.php?rest_route=\/wp\/v2\/users\/2"}],"replies":[{"embeddable":true,"href":"http:\/\/startwejherowo.pl\/index.php?rest_route=%2Fwp%2Fv2%2Fcomments&post=14"}],"version-history":[{"count":49,"href":"http:\/\/startwejherowo.pl\/index.php?rest_route=\/wp\/v2\/pages\/14\/revisions"}],"predecessor-version":[{"id":1668,"href":"http:\/\/startwejherowo.pl\/index.php?rest_route=\/wp\/v2\/pages\/14\/revisions\/1668"}],"wp:attachment":[{"href":"http:\/\/startwejherowo.pl\/index.php?rest_route=%2Fwp%2Fv2%2Fmedia&parent=14"}],"curies":[{"name":"wp","href":"https:\/\/api.w.org\/{rel}","templated":true}]}}