{"id":18,"date":"2011-01-27T14:19:50","date_gmt":"2011-01-27T14:19:50","guid":{"rendered":"http:\/\/startwejherowo.pl\/?page_id=18"},"modified":"2026-01-19T14:01:43","modified_gmt":"2026-01-19T14:01:43","slug":"1-2","status":"publish","type":"page","link":"http:\/\/startwejherowo.pl\/?page_id=18","title":{"rendered":"1,5%"},"content":{"rendered":"<div class=\"wp-block-image\">\n<figure class=\"aligncenter\"><a href=\"https:\/\/www.e-pity.pl\/pity-2022\/akcja-e-life-jeden-procent-2023-KRS-0000223792--34820\" rel=\"noopener noreferrer\"><img loading=\"lazy\" width=\"300\" height=\"195\" src=\"http:\/\/startwejherowo.pl\/wp-content\/uploads\/2025\/01\/procent-300x195-1.jpg\" alt=\"\" class=\"wp-image-1567\" title=\"1procent2\"\/><\/a><\/figure><\/div>\n\n\n<p>Wszystkim ofiarodawcom, sponsorom i sympatykom sk\u0142adam serdeczne podzi\u0119kowanie za pomoc finansow\u0105 udzielon\u0105 naszemu Stowarzyszeniu poprzez przekazanie 1,5% od podatku za 2025 r.<\/p>\n\n\n\n<p>Wsparcie finansowe udzielone przez Pa\u0144stwo w zasadniczy spos\u00f3b przyczyni\u0142o si\u0119 do wzrostu poziomu rehabilitacji os\u00f3b niepe\u0142nosprawnych, kt\u00f3rzy poprzez systematyczne \u0107wiczenia fizyczne i uprawianie sportu osi\u0105gn\u0119li wiele cennych sukces\u00f3w zar\u00f3wno w skali krajowej, jak i mi\u0119dzynarodowej.<\/p>\n\n\n\n<p>Serdecznie dzi\u0119kujemy i jednocze\u015bnie informujemy, \u017ce Pa\u0144stwo zostali wpisani na z\u0142ot\u0105 list\u0119 Darczy\u0144c\u00f3w i Sponsor\u00f3w naszego Stowarzyszenia umieszczon\u0105 w naszej kronice.<\/p>\n\n\n\n<p>Je\u017celi Pa\u0144stwo zdecydujecie si\u0119 ponownie wesprze\u0107 nasz\u0105 dzia\u0142alno\u015b\u0107 &#8211; to do tego serdecznie zach\u0119camy.<\/p>\n\n\n\n<p>Ponadto nadmieniamy, \u017ce procedura przekazywania 1,5% od podatku jest niezwykle uproszczona. W zeznaniu podatkowym PIT wystarczy tylko wpisa\u0107 numer<\/p>\n\n\n\n<p><strong>KRS &#8211; 0000223792<\/strong><\/p>\n\n\n\n<p>Jednocze\u015bnie \u017cyczymy du\u017co zdrowia oraz wszelkiej pomy\u015blno\u015bci w 2026 roku.<\/p>\n\n\n\n<div class=\"wp-container-1 wp-block-group\"><div class=\"wp-block-group__inner-container\">\n<p>Z wyrazami szacunku<\/p>\n\n\n\n<p>Prezes<\/p>\n\n\n\n<p>Krzysztof Ruchalski<\/p>\n<\/div><\/div>\n\n\n\n<p class=\"has-text-align-right\">Wejherowo, 10 stycznia 2026 r.<\/p>\n","protected":false},"excerpt":{"rendered":"<p>Wszystkim ofiarodawcom, sponsorom i sympatykom sk\u0142adam serdeczne podzi\u0119kowanie za pomoc finansow\u0105 udzielon\u0105 naszemu Stowarzyszeniu poprzez przekazanie 1,5% od podatku za 2025 r. Wsparcie finansowe udzielone przez Pa\u0144stwo w zasadniczy spos\u00f3b przyczyni\u0142o si\u0119 do wzrostu poziomu rehabilitacji os\u00f3b niepe\u0142nosprawnych, kt\u00f3rzy poprzez systematyczne \u0107wiczenia fizyczne i uprawianie sportu osi\u0105gn\u0119li wiele cennych sukces\u00f3w zar\u00f3wno w skali krajowej, jak [&hellip;]<\/p>\n","protected":false},"author":2,"featured_media":0,"parent":0,"menu_order":0,"comment_status":"open","ping_status":"open","template":"","meta":{"ngg_post_thumbnail":0},"_links":{"self":[{"href":"http:\/\/startwejherowo.pl\/index.php?rest_route=\/wp\/v2\/pages\/18"}],"collection":[{"href":"http:\/\/startwejherowo.pl\/index.php?rest_route=\/wp\/v2\/pages"}],"about":[{"href":"http:\/\/startwejherowo.pl\/index.php?rest_route=\/wp\/v2\/types\/page"}],"author":[{"embeddable":true,"href":"http:\/\/startwejherowo.pl\/index.php?rest_route=\/wp\/v2\/users\/2"}],"replies":[{"embeddable":true,"href":"http:\/\/startwejherowo.pl\/index.php?rest_route=%2Fwp%2Fv2%2Fcomments&post=18"}],"version-history":[{"count":35,"href":"http:\/\/startwejherowo.pl\/index.php?rest_route=\/wp\/v2\/pages\/18\/revisions"}],"predecessor-version":[{"id":1665,"href":"http:\/\/startwejherowo.pl\/index.php?rest_route=\/wp\/v2\/pages\/18\/revisions\/1665"}],"wp:attachment":[{"href":"http:\/\/startwejherowo.pl\/index.php?rest_route=%2Fwp%2Fv2%2Fmedia&parent=18"}],"curies":[{"name":"wp","href":"https:\/\/api.w.org\/{rel}","templated":true}]}}