{"id":2,"date":"2011-01-25T11:32:09","date_gmt":"2011-01-25T11:32:09","guid":{"rendered":"http:\/\/startwejherowo.pl\/?page_id=2"},"modified":"2026-03-30T08:33:35","modified_gmt":"2026-03-30T08:33:35","slug":"informacje","status":"publish","type":"page","link":"http:\/\/startwejherowo.pl\/?page_id=2","title":{"rendered":"BIP biuletyn informacji publicznej"},"content":{"rendered":"<p><a href=\"http:\/\/startwejherowo.pl\/wp-content\/uploads\/2018\/06\/klauzula-informacyjna-strona.pdf\">Klauzula informacyjna<\/a><\/p>\n<p><a href=\"http:\/\/startwejherowo.pl\/wp-content\/uploads\/2011\/01\/Statut_Start.pdf\">Statut Stowarzyszenia START<\/a><\/p>\n<p><a href=\"http:\/\/startwejherowo.pl\/wp-content\/uploads\/2026\/03\/sprawozdanie2025.pdf\">Sprawozdanie merytoryczne za rok 2025<\/a><\/p>\n<p><a href=\"http:\/\/startwejherowo.pl\/wp-content\/uploads\/2026\/03\/bilans2025.pdf\">Sprawozdanie finansowe za rok 2025<\/a><\/p>\n<p><a href=\"http:\/\/startwejherowo.pl\/wp-content\/uploads\/2025\/04\/Sprawozdanie_merytoryczne_2024.pdf\">Sprawozdanie merytoryczne za rok 2024<\/a><\/p>\n<p><a href=\"http:\/\/startwejherowo.pl\/wp-content\/uploads\/2025\/04\/Sprawozdanie_finansowe_2024.pdf\" rel=\"attachment wp-att-1024\">Sprawozdanie finansowe za rok 2024<\/a><\/p>\n<p><a href=\"http:\/\/startwejherowo.pl\/wp-content\/uploads\/2024\/04\/Sprawozdanie2024.pdf\">Sprawozdanie merytoryczne za rok 2023<\/a><\/p>\n<p><a href=\"http:\/\/startwejherowo.pl\/wp-content\/uploads\/2024\/04\/Bilans2024.pdf\" rel=\"attachment wp-att-1024\">Sprawozdanie finansowe za rok 2023<\/a><\/p>\n<p><a href=\"http:\/\/startwejherowo.pl\/wp-content\/uploads\/2023\/04\/sprawozdanie_2022.pdf\">Sprawozdanie merytoryczne za rok 2022<\/a><\/p>\n<p><a href=\"http:\/\/startwejherowo.pl\/wp-content\/uploads\/2023\/04\/bilans_2022.pdf\" rel=\"attachment wp-att-1024\">Sprawozdanie finansowe za rok 2022<\/a><\/p>\n<p><a href=\"http:\/\/startwejherowo.pl\/wp-content\/uploads\/2022\/04\/scan2.pdf\">Sprawozdanie merytoryczne za rok 2021<\/a><\/p>\n<p><a href=\"http:\/\/startwejherowo.pl\/wp-content\/uploads\/2022\/04\/Scan3.pdf\" rel=\"attachment wp-att-1024\">Sprawozdanie finansowe za rok 2021<\/a><\/p>\n<p><a href=\"http:\/\/startwejherowo.pl\/wp-content\/uploads\/2021\/07\/Scan0003.pdf\">Sprawozdanie merytoryczne za rok 2020<\/a><\/p>\n<p><a href=\"http:\/\/startwejherowo.pl\/wp-content\/uploads\/2021\/07\/Scan.pdf\" rel=\"attachment wp-att-1024\">Sprawozdanie finansowe za rok 2020<\/a><\/p>\n<p><a href=\"http:\/\/startwejherowo.pl\/wp-content\/uploads\/2020\/08\/Sprawozdanie2019.pdf\">Sprawozdanie merytoryczne za rok 2019<\/a><\/p>\n<p><a href=\"http:\/\/startwejherowo.pl\/wp-content\/uploads\/2020\/08\/Bilans2019.pdf\" rel=\"attachment wp-att-1024\">Sprawozdanie finansowe za rok 2019<\/a><\/p>\n<p><a href=\"http:\/\/startwejherowo.pl\/wp-content\/uploads\/2019\/04\/info@cbs.gda_.pl_20190411_112620.pdf\">Sprawozdanie merytoryczne za rok 2018<\/a><\/p>\n<p><a href=\"http:\/\/startwejherowo.pl\/wp-content\/uploads\/2019\/04\/info@cbs.gda_.pl_20190411_112649.pdf\" rel=\"attachment wp-att-1024\">Sprawozdanie finansowe za rok 2018<\/a><\/p>\n<p><a href=\"http:\/\/startwejherowo.pl\/?attachment_id=1026\" rel=\"attachment wp-att-1026\">Sprawozdanie merytoryczne za rok 2017<\/a><\/p>\n<p><a href=\"http:\/\/startwejherowo.pl\/?attachment_id=1024\" rel=\"attachment wp-att-1024\">Sprawozdanie finansowe za rok 2017<\/a><\/p>\n<p><a href=\"http:\/\/startwejherowo.pl\/wp-content\/uploads\/2017\/03\/finansowe2016.pdf\">Sprawozdanie finansowe za rok 2016<\/a><\/p>\n<p><a href=\"http:\/\/startwejherowo.pl\/wp-content\/uploads\/2017\/03\/merytoryczne_2016.pdf\">Sprawozdanie merytoryczne za rok 2016<\/a><\/p>\n<p><a href=\"http:\/\/startwejherowo.pl\/wp-content\/uploads\/2016\/03\/finansowe2015.pdf\">Sprawozdanie finansowe za rok 2015<\/a><\/p>\n<p><a href=\"http:\/\/startwejherowo.pl\/wp-content\/uploads\/2016\/03\/sprawozdanie_merytoryczne_2015.pdf\">Sprawozdanie merytoryczne za rok 2015<\/a><\/p>\n<p><a href=\"http:\/\/startwejherowo.pl\/wp-content\/uploads\/2015\/02\/sprawozdanie2014.pdf\">Sprawozdanie merytoryczne za rok 2014<\/a><\/p>\n<p><a href=\"http:\/\/startwejherowo.pl\/wp-content\/uploads\/2015\/02\/2015_roczne_uproszczone_spr_merty.pdf\">Roczne uproszczone sprawozdanie merytoryczne za rok 2014<\/a><\/p>\n<p><a href=\"http:\/\/startwejherowo.pl\/wp-content\/uploads\/2015\/02\/sprawozdanie_finansowe_2014.pdf\">Sprawozdanie finansowe za rok 2014<\/a><\/p>\n<p><a href=\"http:\/\/startwejherowo.pl\/wp-content\/uploads\/2015\/02\/bilans2014.jpg\">Bilans za rok 2014<\/a><\/p>\n<p><a href=\"http:\/\/startwejherowo.pl\/wp-content\/uploads\/2015\/02\/rachunek2014.jpg\">Rachunek zysk\u00f3w i strat za rok 2014<\/a><\/p>\n<p><a href=\"http:\/\/startwejherowo.pl\/wp-content\/uploads\/2014\/02\/sprawozdanie_2013.pdf\">Sprawozdanie merytoryczne za rok 2013<\/a><\/p>\n<p><a href=\"http:\/\/startwejherowo.pl\/wp-content\/uploads\/2014\/02\/sprawozdanie_finansowe_2013.pdf\">Sprawozdanie finansowe za rok 2013<\/a><\/p>\n<p><a href=\"http:\/\/startwejherowo.pl\/wp-content\/uploads\/2014\/02\/sprawozdanie_pozytku_2013.pdf\">Roczne, uproszczone sprawozdanie merytoryczne z dzia\u0142alno\u015bci organizacji po\u017cytku publicznego za 2013 r.<\/a><\/p>\n","protected":false},"excerpt":{"rendered":"<p>Klauzula informacyjna Statut Stowarzyszenia START Sprawozdanie merytoryczne za rok 2025 Sprawozdanie finansowe za rok 2025 Sprawozdanie merytoryczne za rok 2024 Sprawozdanie finansowe za rok 2024 Sprawozdanie merytoryczne za rok 2023 Sprawozdanie finansowe za rok 2023 Sprawozdanie merytoryczne za rok 2022 Sprawozdanie finansowe za rok 2022 Sprawozdanie merytoryczne za rok 2021 Sprawozdanie finansowe za rok 2021 [&hellip;]<\/p>\n","protected":false},"author":1,"featured_media":0,"parent":0,"menu_order":0,"comment_status":"open","ping_status":"open","template":"","meta":{"ngg_post_thumbnail":0},"_links":{"self":[{"href":"http:\/\/startwejherowo.pl\/index.php?rest_route=\/wp\/v2\/pages\/2"}],"collection":[{"href":"http:\/\/startwejherowo.pl\/index.php?rest_route=\/wp\/v2\/pages"}],"about":[{"href":"http:\/\/startwejherowo.pl\/index.php?rest_route=\/wp\/v2\/types\/page"}],"author":[{"embeddable":true,"href":"http:\/\/startwejherowo.pl\/index.php?rest_route=\/wp\/v2\/users\/1"}],"replies":[{"embeddable":true,"href":"http:\/\/startwejherowo.pl\/index.php?rest_route=%2Fwp%2Fv2%2Fcomments&post=2"}],"version-history":[{"count":44,"href":"http:\/\/startwejherowo.pl\/index.php?rest_route=\/wp\/v2\/pages\/2\/revisions"}],"predecessor-version":[{"id":1674,"href":"http:\/\/startwejherowo.pl\/index.php?rest_route=\/wp\/v2\/pages\/2\/revisions\/1674"}],"wp:attachment":[{"href":"http:\/\/startwejherowo.pl\/index.php?rest_route=%2Fwp%2Fv2%2Fmedia&parent=2"}],"curies":[{"name":"wp","href":"https:\/\/api.w.org\/{rel}","templated":true}]}}