{"id":24,"date":"2011-01-27T14:16:20","date_gmt":"2011-01-27T14:16:20","guid":{"rendered":"http:\/\/startwejherowo.pl\/?page_id=8"},"modified":"2017-03-25T19:31:17","modified_gmt":"2017-03-25T19:31:17","slug":"historia","status":"publish","type":"page","link":"http:\/\/startwejherowo.pl\/?page_id=24","title":{"rendered":"Historia"},"content":{"rendered":"<p><a href=\"http:\/\/startwejherowo.pl\/wp-content\/uploads\/2011\/01\/Historia_Startu.pdf\">Historia ISS START<\/a> &#8211; plik do pobrania<\/p>\n<p><a href=\"http:\/\/startwejherowo.pl\/wp-content\/uploads\/2017\/03\/merytoryczne2016.pdf\">Dzia\u0142alno\u015b\u0107 w roku 2016.<\/a><\/p>\n<p><a href=\"http:\/\/startwejherowo.pl\/wp-content\/uploads\/2016\/03\/sprawozdanie_merytoryczne_2015.pdf\">Dzia\u0142alno\u015b\u0107 w roku 2015.<\/a><\/p>\n<p><a href=\"http:\/\/startwejherowo.pl\/wp-content\/uploads\/2015\/02\/sprawozdanie2014.pdf\">Dzia\u0142alno\u015b\u0107 w roku 2014.<\/a><\/p>\n<p><a href=\"http:\/\/startwejherowo.pl\/wp-content\/uploads\/2014\/02\/sprawozdanie_4.pdf\">Dzia\u0142alno\u015b\u0107 w latach 2010 &#8211; 2013.<\/a><\/p>\n<p><a href=\"http:\/\/startwejherowo.pl\/wp-content\/uploads\/2014\/02\/sprawozdanie_2013.pdf\">Dzia\u0142alno\u015b\u0107 w roku 2013.<\/a><\/p>\n<p><a href=\"http:\/\/startwejherowo.pl\/wp-content\/uploads\/2011\/01\/sprawozdanie_2012_historia.pdf\">Dzia\u0142alno\u015b\u0107 w roku 2012.<\/a><\/p>\n<p><a href=\"http:\/\/startwejherowo.pl\/wp-content\/uploads\/2011\/01\/Start_sprawozdanie_za_2011_bez_finans.pdf\">Dzia\u0142alno\u015b\u0107 w roku 2011.<\/a><\/p>\n<p>D<a href=\"http:\/\/startwejherowo.pl\/wp-content\/uploads\/2011\/01\/sprawozdanie_za_2010.pdf\">zia\u0142alno\u015bci w roku 2010<\/a><\/p>\n<p>D<a href=\"http:\/\/startwejherowo.pl\/wp-content\/uploads\/2011\/01\/sprawozdanie_za_2006-20091.pdf\">zia\u0142alno\u015bci w latach 2006-2009<\/a><\/p>\n","protected":false},"excerpt":{"rendered":"<p>Historia ISS START &#8211; plik do pobrania Dzia\u0142alno\u015b\u0107 w roku 2016. Dzia\u0142alno\u015b\u0107 w roku 2015. Dzia\u0142alno\u015b\u0107 w roku 2014. Dzia\u0142alno\u015b\u0107 w latach 2010 &#8211; 2013. Dzia\u0142alno\u015b\u0107 w roku 2013. Dzia\u0142alno\u015b\u0107 w roku 2012. Dzia\u0142alno\u015b\u0107 w roku 2011. Dzia\u0142alno\u015bci w roku 2010 Dzia\u0142alno\u015bci w latach 2006-2009<\/p>\n","protected":false},"author":2,"featured_media":0,"parent":0,"menu_order":0,"comment_status":"open","ping_status":"open","template":"","meta":{"ngg_post_thumbnail":0},"_links":{"self":[{"href":"http:\/\/startwejherowo.pl\/index.php?rest_route=\/wp\/v2\/pages\/24"}],"collection":[{"href":"http:\/\/startwejherowo.pl\/index.php?rest_route=\/wp\/v2\/pages"}],"about":[{"href":"http:\/\/startwejherowo.pl\/index.php?rest_route=\/wp\/v2\/types\/page"}],"author":[{"embeddable":true,"href":"http:\/\/startwejherowo.pl\/index.php?rest_route=\/wp\/v2\/users\/2"}],"replies":[{"embeddable":true,"href":"http:\/\/startwejherowo.pl\/index.php?rest_route=%2Fwp%2Fv2%2Fcomments&post=24"}],"version-history":[{"count":20,"href":"http:\/\/startwejherowo.pl\/index.php?rest_route=\/wp\/v2\/pages\/24\/revisions"}],"predecessor-version":[{"id":925,"href":"http:\/\/startwejherowo.pl\/index.php?rest_route=\/wp\/v2\/pages\/24\/revisions\/925"}],"wp:attachment":[{"href":"http:\/\/startwejherowo.pl\/index.php?rest_route=%2Fwp%2Fv2%2Fmedia&parent=24"}],"curies":[{"name":"wp","href":"https:\/\/api.w.org\/{rel}","templated":true}]}}