{"id":926,"date":"2017-03-29T18:43:04","date_gmt":"2017-03-29T18:43:04","guid":{"rendered":"http:\/\/startwejherowo.pl\/?page_id=926"},"modified":"2023-04-27T19:40:38","modified_gmt":"2023-04-27T19:40:38","slug":"czlonkowie-honorowi","status":"publish","type":"page","link":"http:\/\/startwejherowo.pl\/?page_id=926","title":{"rendered":"Cz\u0142onkowie honorowi"},"content":{"rendered":"<p><strong>Cz\u0142onkowie Honorowi<\/strong><\/p>\n<p>Byczkowski Andrzej<br \/>\nBu\u0142akowski Andrzej<br \/>\nEigner Alicja<br \/>\nHebel Adam<br \/>\nJeli\u0144ski Micha\u0142<br \/>\nKliczykowski Ryszard<br \/>\nKohnke Henryk<br \/>\nLiecau Tadeusz<br \/>\nMeyer Hubert<br \/>\nMotowid\u0142o J\u00f3zef<br \/>\nNowicka Janina<br \/>\nPartyka Natalia<br \/>\nPiechota Pawe\u0142<br \/>\nStrzelecki Taras<br \/>\nSzczodrowski Zdzis\u0142aw<br \/>\nTarasiuk Marian<br \/>\nWeiss Irena<br \/>\nWolska \u2013 Gieryk Maria<\/p>\n","protected":false},"excerpt":{"rendered":"<p>Cz\u0142onkowie Honorowi Byczkowski Andrzej Bu\u0142akowski Andrzej Eigner Alicja Hebel Adam Jeli\u0144ski Micha\u0142 Kliczykowski Ryszard Kohnke Henryk Liecau Tadeusz Meyer Hubert Motowid\u0142o J\u00f3zef Nowicka Janina Partyka Natalia Piechota Pawe\u0142 Strzelecki Taras Szczodrowski Zdzis\u0142aw Tarasiuk Marian Weiss Irena Wolska \u2013 Gieryk Maria<\/p>\n","protected":false},"author":2,"featured_media":0,"parent":0,"menu_order":0,"comment_status":"closed","ping_status":"closed","template":"","meta":{"ngg_post_thumbnail":0},"_links":{"self":[{"href":"http:\/\/startwejherowo.pl\/index.php?rest_route=\/wp\/v2\/pages\/926"}],"collection":[{"href":"http:\/\/startwejherowo.pl\/index.php?rest_route=\/wp\/v2\/pages"}],"about":[{"href":"http:\/\/startwejherowo.pl\/index.php?rest_route=\/wp\/v2\/types\/page"}],"author":[{"embeddable":true,"href":"http:\/\/startwejherowo.pl\/index.php?rest_route=\/wp\/v2\/users\/2"}],"replies":[{"embeddable":true,"href":"http:\/\/startwejherowo.pl\/index.php?rest_route=%2Fwp%2Fv2%2Fcomments&post=926"}],"version-history":[{"count":2,"href":"http:\/\/startwejherowo.pl\/index.php?rest_route=\/wp\/v2\/pages\/926\/revisions"}],"predecessor-version":[{"id":1437,"href":"http:\/\/startwejherowo.pl\/index.php?rest_route=\/wp\/v2\/pages\/926\/revisions\/1437"}],"wp:attachment":[{"href":"http:\/\/startwejherowo.pl\/index.php?rest_route=%2Fwp%2Fv2%2Fmedia&parent=926"}],"curies":[{"name":"wp","href":"https:\/\/api.w.org\/{rel}","templated":true}]}}